{"id":125,"date":"2019-03-30T22:44:05","date_gmt":"2019-03-30T20:44:05","guid":{"rendered":"https:\/\/gerardmoullec.wordpress.com\/?page_id=125"},"modified":"2019-03-30T22:44:05","modified_gmt":"2019-03-30T20:44:05","slug":"doc-citrix-2019-2","status":"publish","type":"page","link":"https:\/\/gmitconsult.com\/?page_id=125","title":{"rendered":"Doc Citrix < 2019"},"content":{"rendered":"<p>Les documentations jointent, permettent la pr\u00e9paration d&rsquo;une infrastructure Citrix avec les produits disponible avant 2019.<\/p>\n<p>Ces documentations permettent la pr\u00e9paration d&rsquo;une migration.<\/p>\n<p>L&rsquo;ensemble des outils de migration pour ces plateformes sont en Powershell.<\/p>\n<p>Ces outils sont disponible aupr\u00e8s de l&rsquo;\u00e9diteur.<\/p>\n<p>On trouve sur internet, des int\u00e9grateurs qui fournissent ces scripts adapt\u00e9s dans l&rsquo;esprit de l\u2019\u00e9diteur, en plus simple.<\/p>\n<p><a title=\"application-citrix-workspace-pour-windows\" href=\"http:\/\/gmitconsult.com\/wp-content\/uploads\/2019\/03\/application-citrix-workspace-pour-windows-1.pdf\">application-citrix-workspace-pour-windows<\/a><\/p>\n<p><a title=\"applications-de-productivit\u00e9-mobiles\" href=\"http:\/\/gmitconsult.com\/wp-content\/uploads\/2019\/03\/applications-de-productivitc3a9-mobiles.pdf\">applications-de-productivit\u00e9-mobiles<\/a><\/p>\n<p><a title=\"citrix-cloud\" href=\"http:\/\/gmitconsult.com\/wp-content\/uploads\/2019\/03\/citrix-cloud.pdf\">citrix-cloud<\/a><\/p>\n<p><a title=\"citrix-endpoint-management\" href=\"http:\/\/gmitconsult.com\/wp-content\/uploads\/2019\/03\/citrix-endpoint-management.pdf\">citrix-endpoint-management<\/a><\/p>\n<p><a title=\"citrix-receiver-pour-windows-4.9-ltsr\" href=\"http:\/\/gmitconsult.com\/wp-content\/uploads\/2019\/03\/citrix-receiver-pour-windows-4.9-ltsr.pdf\">citrix-receiver-pour-windows-4.9-ltsr<\/a><\/p>\n<p><a title=\"citrix-virtual-apps-and-desktops\" href=\"http:\/\/gmitconsult.com\/wp-content\/uploads\/2019\/03\/citrix-virtual-apps-and-desktops.pdf\">citrix-virtual-apps-and-desktops<\/a><\/p>\n<p><a title=\"citrix-virtual-apps-and-desktops-service\" href=\"http:\/\/gmitconsult.com\/wp-content\/uploads\/2019\/03\/citrix-virtual-apps-and-desktops-service.pdf\">citrix-virtual-apps-and-desktops-service<\/a><\/p>\n<p><a title=\"en.Netscaler-MAS\" href=\"http:\/\/gmitconsult.com\/wp-content\/uploads\/2019\/03\/en.netscaler-mas.pdf\">en.Netscaler-MAS<\/a><\/p>\n<p><a title=\"en.web-interface-5-4\" href=\"http:\/\/gmitconsult.com\/wp-content\/uploads\/2019\/03\/en.web-interface-5-4.pdf\">en.web-interface-5-4<\/a><\/p>\n<p><a title=\"enregistrement-de-session-1811\" href=\"http:\/\/gmitconsult.com\/wp-content\/uploads\/2019\/03\/enregistrement-de-session-1811.pdf\">enregistrement-de-session-1811<\/a><\/p>\n<p><a title=\"linux-virtual-delivery-agent-1811\" href=\"http:\/\/gmitconsult.com\/wp-content\/uploads\/2019\/03\/linux-virtual-delivery-agent-1811.pdf\">linux-virtual-delivery-agent-1811<\/a><\/p>\n<p><a title=\"mdx-toolkit\" href=\"http:\/\/gmitconsult.com\/wp-content\/uploads\/2019\/03\/mdx-toolkit.pdf\">mdx-toolkit<\/a><\/p>\n<p><a title=\"pack-d'optimisation-realtime-2.4-(ltsr)\" href=\"http:\/\/gmitconsult.com\/wp-content\/uploads\/2019\/03\/pack-doptimisation-realtime-2.4-ltsr.pdf\">pack-d&rsquo;optimisation-realtime-2.4-(ltsr)<\/a><\/p>\n<p><a title=\"profile-management-1811\" href=\"http:\/\/gmitconsult.com\/wp-content\/uploads\/2019\/03\/profile-management-1811.pdf\">profile-management-1811<\/a><\/p>\n<p><a title=\"r\u00e9initialisation-en-libre-service-des-mots-de-passe-1.1.x\" href=\"http:\/\/gmitconsult.com\/wp-content\/uploads\/2019\/03\/rc3a9initialisation-en-libre-service-des-mots-de-passe-1.1.x.pdf\">r\u00e9initialisation-en-libre-service-des-mots-de-passe-1.1.x<\/a><\/p>\n<p><a title=\"secure-hub\" href=\"http:\/\/gmitconsult.com\/wp-content\/uploads\/2019\/03\/secure-hub.pdf\">secure-hub<\/a><\/p>\n<p><a title=\"secure-mail\" href=\"http:\/\/gmitconsult.com\/wp-content\/uploads\/2019\/03\/secure-mail.pdf\">secure-mail<\/a><\/p>\n<p><a title=\"secure-web\" href=\"http:\/\/gmitconsult.com\/wp-content\/uploads\/2019\/03\/secure-web.pdf\">secure-web<\/a><\/p>\n<p><a title=\"single-sign-on-5-0\" href=\"http:\/\/gmitconsult.com\/wp-content\/uploads\/2019\/03\/single-sign-on-5-0.pdf\">single-sign-on-5-0<\/a><\/p>\n<p><a title=\"storefront-1811\" href=\"http:\/\/gmitconsult.com\/wp-content\/uploads\/2019\/03\/storefront-1811.pdf\">storefront-1811<\/a><\/p>\n<p><a title=\"syst\u00e8me-de-licences-11.15\" href=\"http:\/\/gmitconsult.com\/wp-content\/uploads\/2019\/03\/systc3a8me-de-licences-11.15.pdf\">syst\u00e8me-de-licences-11.15<\/a><\/p>\n<p><a title=\"xenmobile-server-_-version-actuelle\" href=\"http:\/\/gmitconsult.com\/wp-content\/uploads\/2019\/03\/xenmobile-server-_-version-actuelle.pdf\">xenmobile-server<\/a><\/p>\n<p>&nbsp;<\/p>\n<p>&nbsp;<\/p>\n<p>&nbsp;<\/p>\n","protected":false},"excerpt":{"rendered":"<p>Les documentations jointent, permettent la pr\u00e9paration d&rsquo;une infrastructure Citrix avec les produits disponible avant 2019. Ces documentations permettent la pr\u00e9paration d&rsquo;une migration. L&rsquo;ensemble des outils de migration pour ces plateformes sont en Powershell. Ces outils sont disponible aupr\u00e8s de l&rsquo;\u00e9diteur. On trouve sur internet, des int\u00e9grateurs qui fournissent ces scripts adapt\u00e9s dans l&rsquo;esprit de l\u2019\u00e9diteur,&hellip; <a class=\"more-link\" href=\"https:\/\/gmitconsult.com\/?page_id=125\">Continue reading <span class=\"screen-reader-text\">Doc Citrix &lt; 2019<\/span> <span class=\"meta-nav\" aria-hidden=\"true\">&rarr;<\/span><\/a><\/p>\n","protected":false},"author":2,"featured_media":171,"parent":0,"menu_order":0,"comment_status":"closed","ping_status":"closed","template":"","meta":[],"_links":{"self":[{"href":"https:\/\/gmitconsult.com\/index.php?rest_route=\/wp\/v2\/pages\/125"}],"collection":[{"href":"https:\/\/gmitconsult.com\/index.php?rest_route=\/wp\/v2\/pages"}],"about":[{"href":"https:\/\/gmitconsult.com\/index.php?rest_route=\/wp\/v2\/types\/page"}],"author":[{"embeddable":true,"href":"https:\/\/gmitconsult.com\/index.php?rest_route=\/wp\/v2\/users\/2"}],"replies":[{"embeddable":true,"href":"https:\/\/gmitconsult.com\/index.php?rest_route=%2Fwp%2Fv2%2Fcomments&post=125"}],"version-history":[{"count":0,"href":"https:\/\/gmitconsult.com\/index.php?rest_route=\/wp\/v2\/pages\/125\/revisions"}],"wp:featuredmedia":[{"embeddable":true,"href":"https:\/\/gmitconsult.com\/index.php?rest_route=\/wp\/v2\/media\/171"}],"wp:attachment":[{"href":"https:\/\/gmitconsult.com\/index.php?rest_route=%2Fwp%2Fv2%2Fmedia&parent=125"}],"curies":[{"name":"wp","href":"https:\/\/api.w.org\/{rel}","templated":true}]}}