{"id":313,"date":"2020-04-16T23:20:51","date_gmt":"2020-04-16T21:20:51","guid":{"rendered":"https:\/\/gerardmoullec.wordpress.com\/?page_id=313"},"modified":"2025-01-02T17:49:46","modified_gmt":"2025-01-02T16:49:46","slug":"mon-cv","status":"publish","type":"page","link":"https:\/\/gmitconsult.com\/?page_id=313","title":{"rendered":"Mon CV"},"content":{"rendered":"<h3><strong>Ing\u00e9nierie Syst\u00e8mes, R\u00e9seaux et Cloud<\/strong><\/h3>\n<p>+30 ans d&rsquo;exp\u00e9riences en build et run sur des syst\u00e8mes et r\u00e9seaux informatiques.<\/p>\n<p>Comme l&rsquo;indique le titre de mon site web, j&rsquo;ai de l\u2019app\u00e9tence pour les projets de migration.<\/p>\n<p>Freelance depuis 01\/2017<\/p>\n<p>Je travaille de pr\u00e9f\u00e9rence sur des missions orient\u00e9es :<br \/>\nAxway, Citrix, Vmware, Microsoft, Azure, AWS.<\/p>\n<p>Je ma\u00eetrise les technologies suivantes :<\/p>\n<p>-Microsoft INFRA : serveurs 2008\/2012\/2016 AD-DNS-DHCP-GPO, DFS, Cloud Azure, Office 365, SCCM, Hyper-V et postes windows 7\/10<\/p>\n<p>-Citrix XenApp 5\/ 6.5\/ 7.15, Citrix XenDesktop7.15, Storefront, Citrix Cloud, Citrix VDI MCS\/PVS, Netscaler Gateway<\/p>\n<p>-Microsoft TSE\/RDS<\/p>\n<p>-Vmware Vcloud, ESX, Vsphere 5\/6.5\/6.7<\/p>\n<p>-R\u00e9seaux : Cisco Lan\/Wan IOS, Nortel, Dell, HP, Avaya<\/p>\n<p>-S\u00e9curit\u00e9 : Firewall Cisco Pix, Check-Point, OpenBSD, Stormshield, Citrix Netscaler, WAF AWS<\/p>\n<p>-Linux, Unix, Cloud AWS<\/p>\n<p>-Axway Gateway API, XFB, CFT, Secure Transport<\/p>\n<p>-Script Powershell, Bash<\/p>\n<p>-Web : HTML, PHP, CSS, JavaScript<\/p>\n<p>Je travaille de pr\u00e9f\u00e9rence \u00e0 Nantes, mais j&rsquo;\u00e9tudie les propositions de mission pour les r\u00e9gions Bretagne\/Pays de la loire et Paris.<\/p>\n","protected":false},"excerpt":{"rendered":"<p>Ing\u00e9nierie Syst\u00e8mes, R\u00e9seaux et Cloud +30 ans d&rsquo;exp\u00e9riences en build et run sur des syst\u00e8mes et r\u00e9seaux informatiques. Comme l&rsquo;indique le titre de mon site web, j&rsquo;ai de l\u2019app\u00e9tence pour les projets de migration. Freelance depuis 01\/2017 Je travaille de pr\u00e9f\u00e9rence sur des missions orient\u00e9es : Axway, Citrix, Vmware, Microsoft, Azure, AWS. Je ma\u00eetrise les&hellip; <a class=\"more-link\" href=\"https:\/\/gmitconsult.com\/?page_id=313\">Continue reading <span class=\"screen-reader-text\">Mon CV<\/span> <span class=\"meta-nav\" aria-hidden=\"true\">&rarr;<\/span><\/a><\/p>\n","protected":false},"author":2,"featured_media":0,"parent":0,"menu_order":0,"comment_status":"closed","ping_status":"closed","template":"","meta":[],"_links":{"self":[{"href":"https:\/\/gmitconsult.com\/index.php?rest_route=\/wp\/v2\/pages\/313"}],"collection":[{"href":"https:\/\/gmitconsult.com\/index.php?rest_route=\/wp\/v2\/pages"}],"about":[{"href":"https:\/\/gmitconsult.com\/index.php?rest_route=\/wp\/v2\/types\/page"}],"author":[{"embeddable":true,"href":"https:\/\/gmitconsult.com\/index.php?rest_route=\/wp\/v2\/users\/2"}],"replies":[{"embeddable":true,"href":"https:\/\/gmitconsult.com\/index.php?rest_route=%2Fwp%2Fv2%2Fcomments&post=313"}],"version-history":[{"count":11,"href":"https:\/\/gmitconsult.com\/index.php?rest_route=\/wp\/v2\/pages\/313\/revisions"}],"predecessor-version":[{"id":589,"href":"https:\/\/gmitconsult.com\/index.php?rest_route=\/wp\/v2\/pages\/313\/revisions\/589"}],"wp:attachment":[{"href":"https:\/\/gmitconsult.com\/index.php?rest_route=%2Fwp%2Fv2%2Fmedia&parent=313"}],"curies":[{"name":"wp","href":"https:\/\/api.w.org\/{rel}","templated":true}]}}